{"id":9155,"date":"2024-05-28T11:38:44","date_gmt":"2024-05-28T08:38:44","guid":{"rendered":"https:\/\/metecgroup.eu\/?page_id=9155"},"modified":"2024-11-08T15:16:50","modified_gmt":"2024-11-08T13:16:50","slug":"products-and-services","status":"publish","type":"page","link":"https:\/\/metecgroup.eu\/en\/products-and-services\/","title":{"rendered":"Products and services"},"content":{"rendered":"","protected":false},"excerpt":{"rendered":"","protected":false},"author":11,"featured_media":0,"parent":0,"menu_order":0,"comment_status":"closed","ping_status":"closed","template":"templates\/business_lines.php","meta":{"_acf_changed":false,"footnotes":""},"class_list":["post-9155","page","type-page","status-publish","hentry"],"acf":{"sisu":"<p>The list of products and services provided by Metec is wide. Although at first glance one may get the impression of a lack of focus, a closer look reveals many similarities between the goods produced for use in different fields:<\/p>\n<p>&nbsp;<\/p>\n<p>&#8211; We use stainless steel as one of the main structural materials in many products manufactured for various industrial sectors.<br \/>\n&#8211; All products are characterized by high requirements for manufacturing precision and finishing quality &#8211; most of the products we manufacture must pass detailed inspections and tests by the relevant supervisory authorities before being allowed on the market.<br \/>\n&#8211; Although the batches of the products are rather small or medium-sized, they are series products with an average lifespan of ~10 years.<\/p>\n<p>&nbsp;<\/p>\n<p>In 30 years of operation, we have developed business lines in which we have long-term competence and which we continue to develop continuously. You can explore the business lines and their product references by navigating through the left menu.<\/p>\n","pilt":false,"video":false,"gallery":[{"ID":10711,"id":10711,"title":"MetecGroup_Meditsiin_Getinge2_resize","filename":"MetecGroup_Meditsiin_Getinge2_resize-scaled.jpg","filesize":218662,"url":"https:\/\/metecgroup.eu\/wp-content\/uploads\/2024\/11\/MetecGroup_Meditsiin_Getinge2_resize-scaled.jpg","link":"https:\/\/metecgroup.eu\/en\/metecgroup_meditsiin_getinge2_resize-2\/","alt":"","author":"17","description":"","caption":"","name":"metecgroup_meditsiin_getinge2_resize-2","status":"inherit","uploaded_to":0,"date":"2024-11-08 10:40:16","modified":"2024-11-08 10:40:16","menu_order":0,"mime_type":"image\/jpeg","type":"image","subtype":"jpeg","icon":"https:\/\/metecgroup.eu\/wp-includes\/images\/media\/default.png","width":2560,"height":1707,"sizes":{"thumbnail":"https:\/\/metecgroup.eu\/wp-content\/uploads\/2024\/11\/MetecGroup_Meditsiin_Getinge2_resize-150x150.jpg","thumbnail-width":150,"thumbnail-height":150,"medium":"https:\/\/metecgroup.eu\/wp-content\/uploads\/2024\/11\/MetecGroup_Meditsiin_Getinge2_resize-300x200.jpg","medium-width":300,"medium-height":200,"medium_large":"https:\/\/metecgroup.eu\/wp-content\/uploads\/2024\/11\/MetecGroup_Meditsiin_Getinge2_resize-768x512.jpg","medium_large-width":640,"medium_large-height":427,"large":"https:\/\/metecgroup.eu\/wp-content\/uploads\/2024\/11\/MetecGroup_Meditsiin_Getinge2_resize-1024x683.jpg","large-width":640,"large-height":427,"1536x1536":"https:\/\/metecgroup.eu\/wp-content\/uploads\/2024\/11\/MetecGroup_Meditsiin_Getinge2_resize-1536x1024.jpg","1536x1536-width":1536,"1536x1536-height":1024,"2048x2048":"https:\/\/metecgroup.eu\/wp-content\/uploads\/2024\/11\/MetecGroup_Meditsiin_Getinge2_resize-2048x1365.jpg","2048x2048-width":2048,"2048x2048-height":1365,"slider":"https:\/\/metecgroup.eu\/wp-content\/uploads\/2024\/11\/MetecGroup_Meditsiin_Getinge2_resize-1280x1042.jpg","slider-width":1280,"slider-height":1042,"offers":"https:\/\/metecgroup.eu\/wp-content\/uploads\/2024\/11\/MetecGroup_Meditsiin_Getinge2_resize-500x279.jpg","offers-width":500,"offers-height":279,"slider_main":"https:\/\/metecgroup.eu\/wp-content\/uploads\/2024\/11\/MetecGroup_Meditsiin_Getinge2_resize-1280x1042.jpg","slider_main-width":1280,"slider_main-height":1042,"news":"https:\/\/metecgroup.eu\/wp-content\/uploads\/2024\/11\/MetecGroup_Meditsiin_Getinge2_resize-1270x714.jpg","news-width":1270,"news-height":714,"products":"https:\/\/metecgroup.eu\/wp-content\/uploads\/2024\/11\/MetecGroup_Meditsiin_Getinge2_resize-1400x966.jpg","products-width":1400,"products-height":966,"business_lines":"https:\/\/metecgroup.eu\/wp-content\/uploads\/2024\/11\/MetecGroup_Meditsiin_Getinge2_resize-631x421.jpg","business_lines-width":631,"business_lines-height":421}},{"ID":10601,"id":10601,"title":"MetecGroup_Toiduainet\u00f6\u00f6stus_Pohjaranta_resize","filename":"MetecGroup_Toiduainetoostus_Pohjaranta_resize-scaled.jpg","filesize":201888,"url":"https:\/\/metecgroup.eu\/wp-content\/uploads\/2024\/11\/MetecGroup_Toiduainetoostus_Pohjaranta_resize-scaled.jpg","link":"https:\/\/metecgroup.eu\/en\/metecgroup_toiduainetoostus_pohjaranta_resize-2\/","alt":"","author":"17","description":"","caption":"","name":"metecgroup_toiduainetoostus_pohjaranta_resize-2","status":"inherit","uploaded_to":0,"date":"2024-11-07 10:18:57","modified":"2024-11-07 10:18:57","menu_order":0,"mime_type":"image\/jpeg","type":"image","subtype":"jpeg","icon":"https:\/\/metecgroup.eu\/wp-includes\/images\/media\/default.png","width":2560,"height":1707,"sizes":{"thumbnail":"https:\/\/metecgroup.eu\/wp-content\/uploads\/2024\/11\/MetecGroup_Toiduainetoostus_Pohjaranta_resize-150x150.jpg","thumbnail-width":150,"thumbnail-height":150,"medium":"https:\/\/metecgroup.eu\/wp-content\/uploads\/2024\/11\/MetecGroup_Toiduainetoostus_Pohjaranta_resize-300x200.jpg","medium-width":300,"medium-height":200,"medium_large":"https:\/\/metecgroup.eu\/wp-content\/uploads\/2024\/11\/MetecGroup_Toiduainetoostus_Pohjaranta_resize-768x512.jpg","medium_large-width":640,"medium_large-height":427,"large":"https:\/\/metecgroup.eu\/wp-content\/uploads\/2024\/11\/MetecGroup_Toiduainetoostus_Pohjaranta_resize-1024x683.jpg","large-width":640,"large-height":427,"1536x1536":"https:\/\/metecgroup.eu\/wp-content\/uploads\/2024\/11\/MetecGroup_Toiduainetoostus_Pohjaranta_resize-1536x1024.jpg","1536x1536-width":1536,"1536x1536-height":1024,"2048x2048":"https:\/\/metecgroup.eu\/wp-content\/uploads\/2024\/11\/MetecGroup_Toiduainetoostus_Pohjaranta_resize-2048x1365.jpg","2048x2048-width":2048,"2048x2048-height":1365,"slider":"https:\/\/metecgroup.eu\/wp-content\/uploads\/2024\/11\/MetecGroup_Toiduainetoostus_Pohjaranta_resize-1280x1042.jpg","slider-width":1280,"slider-height":1042,"offers":"https:\/\/metecgroup.eu\/wp-content\/uploads\/2024\/11\/MetecGroup_Toiduainetoostus_Pohjaranta_resize-500x279.jpg","offers-width":500,"offers-height":279,"slider_main":"https:\/\/metecgroup.eu\/wp-content\/uploads\/2024\/11\/MetecGroup_Toiduainetoostus_Pohjaranta_resize-1280x1042.jpg","slider_main-width":1280,"slider_main-height":1042,"news":"https:\/\/metecgroup.eu\/wp-content\/uploads\/2024\/11\/MetecGroup_Toiduainetoostus_Pohjaranta_resize-1270x714.jpg","news-width":1270,"news-height":714,"products":"https:\/\/metecgroup.eu\/wp-content\/uploads\/2024\/11\/MetecGroup_Toiduainetoostus_Pohjaranta_resize-1400x966.jpg","products-width":1400,"products-height":966,"business_lines":"https:\/\/metecgroup.eu\/wp-content\/uploads\/2024\/11\/MetecGroup_Toiduainetoostus_Pohjaranta_resize-631x421.jpg","business_lines-width":631,"business_lines-height":421}},{"ID":10735,"id":10735,"title":"MetecGroup_Autot\u00f6\u00f6stus_4_resize","filename":"MetecGroup_Autotoostus_4_resize-1-scaled.jpg","filesize":338763,"url":"https:\/\/metecgroup.eu\/wp-content\/uploads\/2024\/11\/MetecGroup_Autotoostus_4_resize-1-scaled.jpg","link":"https:\/\/metecgroup.eu\/en\/metecgroup_autotoostus_4_resize-2-2\/","alt":"","author":"17","description":"","caption":"","name":"metecgroup_autotoostus_4_resize-2-2","status":"inherit","uploaded_to":0,"date":"2024-11-08 10:43:46","modified":"2024-11-08 10:44:34","menu_order":0,"mime_type":"image\/jpeg","type":"image","subtype":"jpeg","icon":"https:\/\/metecgroup.eu\/wp-includes\/images\/media\/default.png","width":2560,"height":1707,"sizes":{"thumbnail":"https:\/\/metecgroup.eu\/wp-content\/uploads\/2024\/11\/MetecGroup_Autotoostus_4_resize-1-150x150.jpg","thumbnail-width":150,"thumbnail-height":150,"medium":"https:\/\/metecgroup.eu\/wp-content\/uploads\/2024\/11\/MetecGroup_Autotoostus_4_resize-1-300x200.jpg","medium-width":300,"medium-height":200,"medium_large":"https:\/\/metecgroup.eu\/wp-content\/uploads\/2024\/11\/MetecGroup_Autotoostus_4_resize-1-768x512.jpg","medium_large-width":640,"medium_large-height":427,"large":"https:\/\/metecgroup.eu\/wp-content\/uploads\/2024\/11\/MetecGroup_Autotoostus_4_resize-1-1024x683.jpg","large-width":640,"large-height":427,"1536x1536":"https:\/\/metecgroup.eu\/wp-content\/uploads\/2024\/11\/MetecGroup_Autotoostus_4_resize-1-1536x1024.jpg","1536x1536-width":1536,"1536x1536-height":1024,"2048x2048":"https:\/\/metecgroup.eu\/wp-content\/uploads\/2024\/11\/MetecGroup_Autotoostus_4_resize-1-2048x1365.jpg","2048x2048-width":2048,"2048x2048-height":1365,"slider":"https:\/\/metecgroup.eu\/wp-content\/uploads\/2024\/11\/MetecGroup_Autotoostus_4_resize-1-1280x1042.jpg","slider-width":1280,"slider-height":1042,"offers":"https:\/\/metecgroup.eu\/wp-content\/uploads\/2024\/11\/MetecGroup_Autotoostus_4_resize-1-500x279.jpg","offers-width":500,"offers-height":279,"slider_main":"https:\/\/metecgroup.eu\/wp-content\/uploads\/2024\/11\/MetecGroup_Autotoostus_4_resize-1-1280x1042.jpg","slider_main-width":1280,"slider_main-height":1042,"news":"https:\/\/metecgroup.eu\/wp-content\/uploads\/2024\/11\/MetecGroup_Autotoostus_4_resize-1-1270x714.jpg","news-width":1270,"news-height":714,"products":"https:\/\/metecgroup.eu\/wp-content\/uploads\/2024\/11\/MetecGroup_Autotoostus_4_resize-1-1400x966.jpg","products-width":1400,"products-height":966,"business_lines":"https:\/\/metecgroup.eu\/wp-content\/uploads\/2024\/11\/MetecGroup_Autotoostus_4_resize-1-631x421.jpg","business_lines-width":631,"business_lines-height":421}},{"ID":10739,"id":10739,"title":"MetecGroup_Masinaehitus_Weidemann_resize","filename":"MetecGroup_Masinaehitus_Weidemann_resize-1-scaled.jpg","filesize":217145,"url":"https:\/\/metecgroup.eu\/wp-content\/uploads\/2024\/11\/MetecGroup_Masinaehitus_Weidemann_resize-1-scaled.jpg","link":"https:\/\/metecgroup.eu\/en\/metecgroup_masinaehitus_weidemann_resize-2-2\/","alt":"","author":"17","description":"","caption":"","name":"metecgroup_masinaehitus_weidemann_resize-2-2","status":"inherit","uploaded_to":0,"date":"2024-11-08 10:45:55","modified":"2024-11-08 10:45:55","menu_order":0,"mime_type":"image\/jpeg","type":"image","subtype":"jpeg","icon":"https:\/\/metecgroup.eu\/wp-includes\/images\/media\/default.png","width":2560,"height":1707,"sizes":{"thumbnail":"https:\/\/metecgroup.eu\/wp-content\/uploads\/2024\/11\/MetecGroup_Masinaehitus_Weidemann_resize-1-150x150.jpg","thumbnail-width":150,"thumbnail-height":150,"medium":"https:\/\/metecgroup.eu\/wp-content\/uploads\/2024\/11\/MetecGroup_Masinaehitus_Weidemann_resize-1-300x200.jpg","medium-width":300,"medium-height":200,"medium_large":"https:\/\/metecgroup.eu\/wp-content\/uploads\/2024\/11\/MetecGroup_Masinaehitus_Weidemann_resize-1-768x512.jpg","medium_large-width":640,"medium_large-height":427,"large":"https:\/\/metecgroup.eu\/wp-content\/uploads\/2024\/11\/MetecGroup_Masinaehitus_Weidemann_resize-1-1024x683.jpg","large-width":640,"large-height":427,"1536x1536":"https:\/\/metecgroup.eu\/wp-content\/uploads\/2024\/11\/MetecGroup_Masinaehitus_Weidemann_resize-1-1536x1024.jpg","1536x1536-width":1536,"1536x1536-height":1024,"2048x2048":"https:\/\/metecgroup.eu\/wp-content\/uploads\/2024\/11\/MetecGroup_Masinaehitus_Weidemann_resize-1-2048x1365.jpg","2048x2048-width":2048,"2048x2048-height":1365,"slider":"https:\/\/metecgroup.eu\/wp-content\/uploads\/2024\/11\/MetecGroup_Masinaehitus_Weidemann_resize-1-1280x1042.jpg","slider-width":1280,"slider-height":1042,"offers":"https:\/\/metecgroup.eu\/wp-content\/uploads\/2024\/11\/MetecGroup_Masinaehitus_Weidemann_resize-1-500x279.jpg","offers-width":500,"offers-height":279,"slider_main":"https:\/\/metecgroup.eu\/wp-content\/uploads\/2024\/11\/MetecGroup_Masinaehitus_Weidemann_resize-1-1280x1042.jpg","slider_main-width":1280,"slider_main-height":1042,"news":"https:\/\/metecgroup.eu\/wp-content\/uploads\/2024\/11\/MetecGroup_Masinaehitus_Weidemann_resize-1-1270x714.jpg","news-width":1270,"news-height":714,"products":"https:\/\/metecgroup.eu\/wp-content\/uploads\/2024\/11\/MetecGroup_Masinaehitus_Weidemann_resize-1-1400x966.jpg","products-width":1400,"products-height":966,"business_lines":"https:\/\/metecgroup.eu\/wp-content\/uploads\/2024\/11\/MetecGroup_Masinaehitus_Weidemann_resize-1-631x421.jpg","business_lines-width":631,"business_lines-height":421}},{"ID":10759,"id":10759,"title":"MetecGroup_Kaitset\u00f6\u00f6stus_Raptor_resize","filename":"MetecGroup_Kaitsetoostus_Raptor_resize-1-scaled.jpg","filesize":211388,"url":"https:\/\/metecgroup.eu\/wp-content\/uploads\/2024\/11\/MetecGroup_Kaitsetoostus_Raptor_resize-1-scaled.jpg","link":"https:\/\/metecgroup.eu\/en\/metecgroup_kaitsetoostus_raptor_resize-2-2\/","alt":"","author":"17","description":"","caption":"","name":"metecgroup_kaitsetoostus_raptor_resize-2-2","status":"inherit","uploaded_to":0,"date":"2024-11-08 10:49:02","modified":"2024-11-08 10:49:02","menu_order":0,"mime_type":"image\/jpeg","type":"image","subtype":"jpeg","icon":"https:\/\/metecgroup.eu\/wp-includes\/images\/media\/default.png","width":2560,"height":1707,"sizes":{"thumbnail":"https:\/\/metecgroup.eu\/wp-content\/uploads\/2024\/11\/MetecGroup_Kaitsetoostus_Raptor_resize-1-150x150.jpg","thumbnail-width":150,"thumbnail-height":150,"medium":"https:\/\/metecgroup.eu\/wp-content\/uploads\/2024\/11\/MetecGroup_Kaitsetoostus_Raptor_resize-1-300x200.jpg","medium-width":300,"medium-height":200,"medium_large":"https:\/\/metecgroup.eu\/wp-content\/uploads\/2024\/11\/MetecGroup_Kaitsetoostus_Raptor_resize-1-768x512.jpg","medium_large-width":640,"medium_large-height":427,"large":"https:\/\/metecgroup.eu\/wp-content\/uploads\/2024\/11\/MetecGroup_Kaitsetoostus_Raptor_resize-1-1024x683.jpg","large-width":640,"large-height":427,"1536x1536":"https:\/\/metecgroup.eu\/wp-content\/uploads\/2024\/11\/MetecGroup_Kaitsetoostus_Raptor_resize-1-1536x1024.jpg","1536x1536-width":1536,"1536x1536-height":1024,"2048x2048":"https:\/\/metecgroup.eu\/wp-content\/uploads\/2024\/11\/MetecGroup_Kaitsetoostus_Raptor_resize-1-2048x1365.jpg","2048x2048-width":2048,"2048x2048-height":1365,"slider":"https:\/\/metecgroup.eu\/wp-content\/uploads\/2024\/11\/MetecGroup_Kaitsetoostus_Raptor_resize-1-1280x1042.jpg","slider-width":1280,"slider-height":1042,"offers":"https:\/\/metecgroup.eu\/wp-content\/uploads\/2024\/11\/MetecGroup_Kaitsetoostus_Raptor_resize-1-500x279.jpg","offers-width":500,"offers-height":279,"slider_main":"https:\/\/metecgroup.eu\/wp-content\/uploads\/2024\/11\/MetecGroup_Kaitsetoostus_Raptor_resize-1-1280x1042.jpg","slider_main-width":1280,"slider_main-height":1042,"news":"https:\/\/metecgroup.eu\/wp-content\/uploads\/2024\/11\/MetecGroup_Kaitsetoostus_Raptor_resize-1-1270x714.jpg","news-width":1270,"news-height":714,"products":"https:\/\/metecgroup.eu\/wp-content\/uploads\/2024\/11\/MetecGroup_Kaitsetoostus_Raptor_resize-1-1400x966.jpg","products-width":1400,"products-height":966,"business_lines":"https:\/\/metecgroup.eu\/wp-content\/uploads\/2024\/11\/MetecGroup_Kaitsetoostus_Raptor_resize-1-631x421.jpg","business_lines-width":631,"business_lines-height":421}},{"ID":10675,"id":10675,"title":"MetecGroup_Raudteet\u00f6\u00f6stus_Bode_3_resize","filename":"MetecGroup_Raudteetoostus_Bode_3_resize-1-scaled.jpg","filesize":90497,"url":"https:\/\/metecgroup.eu\/wp-content\/uploads\/2024\/11\/MetecGroup_Raudteetoostus_Bode_3_resize-1-scaled.jpg","link":"https:\/\/metecgroup.eu\/en\/demoleht\/metecgroup_raudteetoostus_bode_3_resize-2-2\/","alt":"","author":"17","description":"","caption":"","name":"metecgroup_raudteetoostus_bode_3_resize-2-2","status":"inherit","uploaded_to":1562,"date":"2024-11-08 10:05:36","modified":"2024-11-08 11:09:40","menu_order":0,"mime_type":"image\/jpeg","type":"image","subtype":"jpeg","icon":"https:\/\/metecgroup.eu\/wp-includes\/images\/media\/default.png","width":2560,"height":1707,"sizes":{"thumbnail":"https:\/\/metecgroup.eu\/wp-content\/uploads\/2024\/11\/MetecGroup_Raudteetoostus_Bode_3_resize-1-150x150.jpg","thumbnail-width":150,"thumbnail-height":150,"medium":"https:\/\/metecgroup.eu\/wp-content\/uploads\/2024\/11\/MetecGroup_Raudteetoostus_Bode_3_resize-1-300x200.jpg","medium-width":300,"medium-height":200,"medium_large":"https:\/\/metecgroup.eu\/wp-content\/uploads\/2024\/11\/MetecGroup_Raudteetoostus_Bode_3_resize-1-768x512.jpg","medium_large-width":640,"medium_large-height":427,"large":"https:\/\/metecgroup.eu\/wp-content\/uploads\/2024\/11\/MetecGroup_Raudteetoostus_Bode_3_resize-1-1024x683.jpg","large-width":640,"large-height":427,"1536x1536":"https:\/\/metecgroup.eu\/wp-content\/uploads\/2024\/11\/MetecGroup_Raudteetoostus_Bode_3_resize-1-1536x1024.jpg","1536x1536-width":1536,"1536x1536-height":1024,"2048x2048":"https:\/\/metecgroup.eu\/wp-content\/uploads\/2024\/11\/MetecGroup_Raudteetoostus_Bode_3_resize-1-2048x1365.jpg","2048x2048-width":2048,"2048x2048-height":1365,"slider":"https:\/\/metecgroup.eu\/wp-content\/uploads\/2024\/11\/MetecGroup_Raudteetoostus_Bode_3_resize-1-1280x1042.jpg","slider-width":1280,"slider-height":1042,"offers":"https:\/\/metecgroup.eu\/wp-content\/uploads\/2024\/11\/MetecGroup_Raudteetoostus_Bode_3_resize-1-500x279.jpg","offers-width":500,"offers-height":279,"slider_main":"https:\/\/metecgroup.eu\/wp-content\/uploads\/2024\/11\/MetecGroup_Raudteetoostus_Bode_3_resize-1-1280x1042.jpg","slider_main-width":1280,"slider_main-height":1042,"news":"https:\/\/metecgroup.eu\/wp-content\/uploads\/2024\/11\/MetecGroup_Raudteetoostus_Bode_3_resize-1-1270x714.jpg","news-width":1270,"news-height":714,"products":"https:\/\/metecgroup.eu\/wp-content\/uploads\/2024\/11\/MetecGroup_Raudteetoostus_Bode_3_resize-1-1400x966.jpg","products-width":1400,"products-height":966,"business_lines":"https:\/\/metecgroup.eu\/wp-content\/uploads\/2024\/11\/MetecGroup_Raudteetoostus_Bode_3_resize-1-631x421.jpg","business_lines-width":631,"business_lines-height":421}},{"ID":10828,"id":10828,"title":"MetecGroup_L\u00f5iket\u00f6\u00f6tlus_3","filename":"MetecGroup_Loiketootlus_3-scaled.jpg","filesize":221115,"url":"https:\/\/metecgroup.eu\/wp-content\/uploads\/2024\/11\/MetecGroup_Loiketootlus_3-scaled.jpg","link":"https:\/\/metecgroup.eu\/en\/metecgroup_loiketootlus_3-2\/","alt":"","author":"17","description":"","caption":"","name":"metecgroup_loiketootlus_3-2","status":"inherit","uploaded_to":0,"date":"2024-11-08 12:56:50","modified":"2024-11-08 13:17:09","menu_order":0,"mime_type":"image\/jpeg","type":"image","subtype":"jpeg","icon":"https:\/\/metecgroup.eu\/wp-includes\/images\/media\/default.png","width":2560,"height":1707,"sizes":{"thumbnail":"https:\/\/metecgroup.eu\/wp-content\/uploads\/2024\/11\/MetecGroup_Loiketootlus_3-150x150.jpg","thumbnail-width":150,"thumbnail-height":150,"medium":"https:\/\/metecgroup.eu\/wp-content\/uploads\/2024\/11\/MetecGroup_Loiketootlus_3-300x200.jpg","medium-width":300,"medium-height":200,"medium_large":"https:\/\/metecgroup.eu\/wp-content\/uploads\/2024\/11\/MetecGroup_Loiketootlus_3-768x512.jpg","medium_large-width":640,"medium_large-height":427,"large":"https:\/\/metecgroup.eu\/wp-content\/uploads\/2024\/11\/MetecGroup_Loiketootlus_3-1024x683.jpg","large-width":640,"large-height":427,"1536x1536":"https:\/\/metecgroup.eu\/wp-content\/uploads\/2024\/11\/MetecGroup_Loiketootlus_3-1536x1024.jpg","1536x1536-width":1536,"1536x1536-height":1024,"2048x2048":"https:\/\/metecgroup.eu\/wp-content\/uploads\/2024\/11\/MetecGroup_Loiketootlus_3-2048x1365.jpg","2048x2048-width":2048,"2048x2048-height":1365,"slider":"https:\/\/metecgroup.eu\/wp-content\/uploads\/2024\/11\/MetecGroup_Loiketootlus_3-1280x1042.jpg","slider-width":1280,"slider-height":1042,"offers":"https:\/\/metecgroup.eu\/wp-content\/uploads\/2024\/11\/MetecGroup_Loiketootlus_3-500x279.jpg","offers-width":500,"offers-height":279,"slider_main":"https:\/\/metecgroup.eu\/wp-content\/uploads\/2024\/11\/MetecGroup_Loiketootlus_3-1280x1042.jpg","slider_main-width":1280,"slider_main-height":1042,"news":"https:\/\/metecgroup.eu\/wp-content\/uploads\/2024\/11\/MetecGroup_Loiketootlus_3-1270x714.jpg","news-width":1270,"news-height":714,"products":"https:\/\/metecgroup.eu\/wp-content\/uploads\/2024\/11\/MetecGroup_Loiketootlus_3-1400x966.jpg","products-width":1400,"products-height":966,"business_lines":"https:\/\/metecgroup.eu\/wp-content\/uploads\/2024\/11\/MetecGroup_Loiketootlus_3-631x421.jpg","business_lines-width":631,"business_lines-height":421}},{"ID":10687,"id":10687,"title":"MetecGroup_T\u00f6\u00f6riistaehitus_R3510_resize","filename":"MetecGroup_Tooriistaehitus_R3510_resize-scaled.jpg","filesize":214939,"url":"https:\/\/metecgroup.eu\/wp-content\/uploads\/2024\/11\/MetecGroup_Tooriistaehitus_R3510_resize-scaled.jpg","link":"https:\/\/metecgroup.eu\/en\/metecgroup_tooriistaehitus_r3510_resize-2\/","alt":"","author":"17","description":"","caption":"","name":"metecgroup_tooriistaehitus_r3510_resize-2","status":"inherit","uploaded_to":0,"date":"2024-11-08 10:23:34","modified":"2024-11-08 13:08:39","menu_order":0,"mime_type":"image\/jpeg","type":"image","subtype":"jpeg","icon":"https:\/\/metecgroup.eu\/wp-includes\/images\/media\/default.png","width":2560,"height":1707,"sizes":{"thumbnail":"https:\/\/metecgroup.eu\/wp-content\/uploads\/2024\/11\/MetecGroup_Tooriistaehitus_R3510_resize-150x150.jpg","thumbnail-width":150,"thumbnail-height":150,"medium":"https:\/\/metecgroup.eu\/wp-content\/uploads\/2024\/11\/MetecGroup_Tooriistaehitus_R3510_resize-300x200.jpg","medium-width":300,"medium-height":200,"medium_large":"https:\/\/metecgroup.eu\/wp-content\/uploads\/2024\/11\/MetecGroup_Tooriistaehitus_R3510_resize-768x512.jpg","medium_large-width":640,"medium_large-height":427,"large":"https:\/\/metecgroup.eu\/wp-content\/uploads\/2024\/11\/MetecGroup_Tooriistaehitus_R3510_resize-1024x683.jpg","large-width":640,"large-height":427,"1536x1536":"https:\/\/metecgroup.eu\/wp-content\/uploads\/2024\/11\/MetecGroup_Tooriistaehitus_R3510_resize-1536x1024.jpg","1536x1536-width":1536,"1536x1536-height":1024,"2048x2048":"https:\/\/metecgroup.eu\/wp-content\/uploads\/2024\/11\/MetecGroup_Tooriistaehitus_R3510_resize-2048x1365.jpg","2048x2048-width":2048,"2048x2048-height":1365,"slider":"https:\/\/metecgroup.eu\/wp-content\/uploads\/2024\/11\/MetecGroup_Tooriistaehitus_R3510_resize-1280x1042.jpg","slider-width":1280,"slider-height":1042,"offers":"https:\/\/metecgroup.eu\/wp-content\/uploads\/2024\/11\/MetecGroup_Tooriistaehitus_R3510_resize-500x279.jpg","offers-width":500,"offers-height":279,"slider_main":"https:\/\/metecgroup.eu\/wp-content\/uploads\/2024\/11\/MetecGroup_Tooriistaehitus_R3510_resize-1280x1042.jpg","slider_main-width":1280,"slider_main-height":1042,"news":"https:\/\/metecgroup.eu\/wp-content\/uploads\/2024\/11\/MetecGroup_Tooriistaehitus_R3510_resize-1270x714.jpg","news-width":1270,"news-height":714,"products":"https:\/\/metecgroup.eu\/wp-content\/uploads\/2024\/11\/MetecGroup_Tooriistaehitus_R3510_resize-1400x966.jpg","products-width":1400,"products-height":966,"business_lines":"https:\/\/metecgroup.eu\/wp-content\/uploads\/2024\/11\/MetecGroup_Tooriistaehitus_R3510_resize-631x421.jpg","business_lines-width":631,"business_lines-height":421}},{"ID":10855,"id":10855,"title":"MetecGroup_Teehooldusseadmed_3_pickupsahk","filename":"MetecGroup_Teehooldusseadmed_3_pickupsahk-scaled.jpg","filesize":197844,"url":"https:\/\/metecgroup.eu\/wp-content\/uploads\/2024\/11\/MetecGroup_Teehooldusseadmed_3_pickupsahk-scaled.jpg","link":"https:\/\/metecgroup.eu\/en\/products-and-services\/metecgroup_teehooldusseadmed_3_pickupsahk-2\/","alt":"","author":"17","description":"","caption":"","name":"metecgroup_teehooldusseadmed_3_pickupsahk-2","status":"inherit","uploaded_to":9155,"date":"2024-11-08 13:14:17","modified":"2024-11-08 13:18:11","menu_order":0,"mime_type":"image\/jpeg","type":"image","subtype":"jpeg","icon":"https:\/\/metecgroup.eu\/wp-includes\/images\/media\/default.png","width":2560,"height":1707,"sizes":{"thumbnail":"https:\/\/metecgroup.eu\/wp-content\/uploads\/2024\/11\/MetecGroup_Teehooldusseadmed_3_pickupsahk-150x150.jpg","thumbnail-width":150,"thumbnail-height":150,"medium":"https:\/\/metecgroup.eu\/wp-content\/uploads\/2024\/11\/MetecGroup_Teehooldusseadmed_3_pickupsahk-300x200.jpg","medium-width":300,"medium-height":200,"medium_large":"https:\/\/metecgroup.eu\/wp-content\/uploads\/2024\/11\/MetecGroup_Teehooldusseadmed_3_pickupsahk-768x512.jpg","medium_large-width":640,"medium_large-height":427,"large":"https:\/\/metecgroup.eu\/wp-content\/uploads\/2024\/11\/MetecGroup_Teehooldusseadmed_3_pickupsahk-1024x683.jpg","large-width":640,"large-height":427,"1536x1536":"https:\/\/metecgroup.eu\/wp-content\/uploads\/2024\/11\/MetecGroup_Teehooldusseadmed_3_pickupsahk-1536x1024.jpg","1536x1536-width":1536,"1536x1536-height":1024,"2048x2048":"https:\/\/metecgroup.eu\/wp-content\/uploads\/2024\/11\/MetecGroup_Teehooldusseadmed_3_pickupsahk-2048x1365.jpg","2048x2048-width":2048,"2048x2048-height":1365,"slider":"https:\/\/metecgroup.eu\/wp-content\/uploads\/2024\/11\/MetecGroup_Teehooldusseadmed_3_pickupsahk-1280x1042.jpg","slider-width":1280,"slider-height":1042,"offers":"https:\/\/metecgroup.eu\/wp-content\/uploads\/2024\/11\/MetecGroup_Teehooldusseadmed_3_pickupsahk-500x279.jpg","offers-width":500,"offers-height":279,"slider_main":"https:\/\/metecgroup.eu\/wp-content\/uploads\/2024\/11\/MetecGroup_Teehooldusseadmed_3_pickupsahk-1280x1042.jpg","slider_main-width":1280,"slider_main-height":1042,"news":"https:\/\/metecgroup.eu\/wp-content\/uploads\/2024\/11\/MetecGroup_Teehooldusseadmed_3_pickupsahk-1270x714.jpg","news-width":1270,"news-height":714,"products":"https:\/\/metecgroup.eu\/wp-content\/uploads\/2024\/11\/MetecGroup_Teehooldusseadmed_3_pickupsahk-1400x966.jpg","products-width":1400,"products-height":966,"business_lines":"https:\/\/metecgroup.eu\/wp-content\/uploads\/2024\/11\/MetecGroup_Teehooldusseadmed_3_pickupsahk-631x421.jpg","business_lines-width":631,"business_lines-height":421}}]},"_links":{"self":[{"href":"https:\/\/metecgroup.eu\/en\/wp-json\/wp\/v2\/pages\/9155","targetHints":{"allow":["GET"]}}],"collection":[{"href":"https:\/\/metecgroup.eu\/en\/wp-json\/wp\/v2\/pages"}],"about":[{"href":"https:\/\/metecgroup.eu\/en\/wp-json\/wp\/v2\/types\/page"}],"author":[{"embeddable":true,"href":"https:\/\/metecgroup.eu\/en\/wp-json\/wp\/v2\/users\/11"}],"replies":[{"embeddable":true,"href":"https:\/\/metecgroup.eu\/en\/wp-json\/wp\/v2\/comments?post=9155"}],"version-history":[{"count":4,"href":"https:\/\/metecgroup.eu\/en\/wp-json\/wp\/v2\/pages\/9155\/revisions"}],"predecessor-version":[{"id":10861,"href":"https:\/\/metecgroup.eu\/en\/wp-json\/wp\/v2\/pages\/9155\/revisions\/10861"}],"wp:attachment":[{"href":"https:\/\/metecgroup.eu\/en\/wp-json\/wp\/v2\/media?parent=9155"}],"curies":[{"name":"wp","href":"https:\/\/api.w.org\/{rel}","templated":true}]}}