{"id":12420,"date":"2026-02-26T11:09:37","date_gmt":"2026-02-26T09:09:37","guid":{"rendered":"https:\/\/metecgroup.eu\/?page_id=12420"},"modified":"2026-02-26T11:09:38","modified_gmt":"2026-02-26T09:09:38","slug":"hinweisgeber-meldekanal","status":"publish","type":"page","link":"https:\/\/metecgroup.eu\/de\/hinweisgeber-meldekanal\/","title":{"rendered":"Hinweisgeber-Meldekanal"},"content":{"rendered":"\n<p>Seit dem 1. September 2024 gilt in Estland das <strong><a href=\"https:\/\/www.riigiteataja.ee\/en\/eli\/ee\/520092024001\/consolide\/current\" type=\"link\" id=\"https:\/\/www.riigiteataja.ee\/en\/eli\/ee\/520092024001\/consolide\/current\">Gesetz zum Schutz von Personen, die arbeitsbezogene Verst\u00f6\u00dfe gegen das Recht der Europ\u00e4ischen Union<\/a><\/strong>. Dieses Gesetz erm\u00f6glicht es, arbeitsbezogene Verst\u00f6\u00dfe vertraulich zu melden.<\/p>\n\n\n\n<p><br><\/p>\n\n\n\n<p>Der Meldekanal richtet sich an Mitarbeitende des Unternehmens, Dienstleister, Kooperationspartner sowie andere mit dem Unternehmen verbundene Personen.<\/p>\n\n\n\n<p>\u00dcber diesen Kanal k\u00f6nnen sicher Sachverhalte gemeldet werden, die auf illegale, unethische oder anderweitig unangemessene Handlungen hinweisen \u2014 einschlie\u00dflich Betrug, Fahrl\u00e4ssigkeit, Menschenrechtsverletzungen oder sonstigem Verhalten, das Personen, dem Unternehmen oder \u00f6ffentlichen Interessen schaden kann (genauere Hinweise ergeben sich aus den geltenden gesetzlichen Bestimmungen).<\/p>\n\n\n\n<p>Der Kanal dient ausschlie\u00dflich <strong>der Meldung arbeitsbezogener Verst\u00f6\u00dfe oder begr\u00fcndeter Verdachtsf\u00e4lle<\/strong>.<\/p>\n\n\n\n<p><br><\/p>\n\n\n\n<p>Meldungen k\u00f6nnen schriftlich per E-Mail eingereicht werden an:\u00a0<strong>personal@metec.ee<\/strong><\/p>\n\n\n\n<p>Den Eingang der Meldung best\u00e4tigen wir sp\u00e4testens innerhalb von 7 Tagen und geben eine R\u00fcckmeldung zu ergriffenen oder geplanten Ma\u00dfnahmen so bald wie m\u00f6glich, sp\u00e4testens jedoch innerhalb von 3 Monaten.<\/p>\n\n\n\n<p><br><\/p>\n\n\n\n<p>Alle Meldungen werden sicher und unter strenger Wahrung der Vertraulichkeit bearbeitet.<\/p>\n","protected":false},"excerpt":{"rendered":"<p>Seit dem 1. September 2024 gilt in Estland das Gesetz zum Schutz von Personen, die arbeitsbezogene Verst\u00f6\u00dfe gegen das Recht der Europ\u00e4ischen Union. Dieses Gesetz erm\u00f6glicht es, arbeitsbezogene Verst\u00f6\u00dfe vertraulich zu melden. Der Meldekanal richtet sich an Mitarbeitende des Unternehmens, Dienstleister, Kooperationspartner sowie andere mit dem Unternehmen verbundene Personen. \u00dcber diesen Kanal k\u00f6nnen sicher Sachverhalte [&hellip;]<\/p>\n","protected":false},"author":19,"featured_media":0,"parent":0,"menu_order":0,"comment_status":"closed","ping_status":"closed","template":"templates\/page_content.php","meta":{"_acf_changed":false,"footnotes":""},"class_list":["post-12420","page","type-page","status-publish","hentry"],"acf":[],"_links":{"self":[{"href":"https:\/\/metecgroup.eu\/de\/wp-json\/wp\/v2\/pages\/12420","targetHints":{"allow":["GET"]}}],"collection":[{"href":"https:\/\/metecgroup.eu\/de\/wp-json\/wp\/v2\/pages"}],"about":[{"href":"https:\/\/metecgroup.eu\/de\/wp-json\/wp\/v2\/types\/page"}],"author":[{"embeddable":true,"href":"https:\/\/metecgroup.eu\/de\/wp-json\/wp\/v2\/users\/19"}],"replies":[{"embeddable":true,"href":"https:\/\/metecgroup.eu\/de\/wp-json\/wp\/v2\/comments?post=12420"}],"version-history":[{"count":1,"href":"https:\/\/metecgroup.eu\/de\/wp-json\/wp\/v2\/pages\/12420\/revisions"}],"predecessor-version":[{"id":12421,"href":"https:\/\/metecgroup.eu\/de\/wp-json\/wp\/v2\/pages\/12420\/revisions\/12421"}],"wp:attachment":[{"href":"https:\/\/metecgroup.eu\/de\/wp-json\/wp\/v2\/media?parent=12420"}],"curies":[{"name":"wp","href":"https:\/\/api.w.org\/{rel}","templated":true}]}}